{"id":417,"date":"2016-11-03T13:15:32","date_gmt":"2016-11-03T13:15:32","guid":{"rendered":"http:\/\/localhost:8888\/startright\/services\/digital-marketing-copy\/"},"modified":"2021-02-25T10:35:01","modified_gmt":"2021-02-25T10:35:01","slug":"diritto-civile","status":"publish","type":"page","link":"https:\/\/studiolegalecatone.it\/index.php\/practice-areas\/diritto-civile\/","title":{"rendered":"Diritto Civile"},"content":{"rendered":"\t\t<div data-elementor-type=\"wp-page\" data-elementor-id=\"417\" class=\"elementor elementor-417\">\n\t\t\t\t\t\t<section class=\"elementor-section elementor-top-section elementor-element elementor-element-5bfc511 elementor-section-boxed elementor-section-height-default elementor-section-height-default\" data-id=\"5bfc511\" data-element_type=\"section\">\n\t\t\t\t\t\t<div class=\"elementor-container elementor-column-gap-default\">\n\t\t\t\t\t<div class=\"elementor-column elementor-col-100 elementor-top-column elementor-element elementor-element-5d57fc3\" data-id=\"5d57fc3\" data-element_type=\"column\">\n\t\t\t<div class=\"elementor-widget-wrap elementor-element-populated\">\n\t\t\t\t\t\t<div class=\"elementor-element elementor-element-sxv5ky1 elementor-widget elementor-widget-text-editor\" data-id=\"sxv5ky1\" data-element_type=\"widget\" data-widget_type=\"text-editor.default\">\n\t\t\t\t<div class=\"elementor-widget-container\">\n\t\t\t\t\t\t\t\t\t<p>Lo studio, al fine di garantire ai propri clienti la pi\u00f9 scrupolosa e globale difesa nel settore del diritto civile, offre puntuale assistenza tanto in fase stragiudiziale che giudiziale, a titolo esemplificativo, nel campo della contrattualistica, in materia di locazioni, recupero crediti e di responsabilit\u00e0 contrattuale ed extracontrattuale.<\/p><p>In particolare, i professionisti prestano un\u2019eccellente attivit\u00e0 di assistenza nella redazione, negoziazione e revisione di scritture, contratti e accordi, nonch\u00e9 nell\u2019eventuale contenzioso che dovesse sopravvenire dalla relativa esecuzione e\/o interpretazione.<\/p><p>Allo stesso modo lo studio ha conseguito una comprovata esperienza nell\u2019ambito del diritto delle locazioni, assistendo i propri clienti in tutte le fasi del rapporto e della controversia, sino alla procedura di rilascio forzoso dell\u2019immobile. I nostri professionisti si occupano di predisporre ed esperire procedure di licenza e sfratto per finita locazione nonch\u00e9 di sfratto per morosit\u00e0, dedicandosi altres\u00ec nella medesima sede al recupero degli eventuali canoni evasi e scaduti.<\/p><p>Nel settore del recupero crediti lo studio garantisce assistenza tanto nella fase stragiudiziale quanto in quella giudiziale. In particolare, i nostri professionisti curano in un primo momento l\u2019opportunit\u00e0 di recupero stragiudiziale, predisponendo lettere di diffida ed esperendo poi tentativi bonari di risoluzione della controversia, ricorrendo alle procedure di mediazione e di negoziazione assistita, a seguito di una preliminare analisi e valutazione delle disponibilit\u00e0 patrimoniali del debitore ed approntando per l\u2019effetto strategie ad hoc di recupero. Infine, in caso di esito negativo lo studio cura tutta la fase contenziosa fino alla esecuzione coattiva della pretesa vantata.<\/p><p>Anche in ambito di responsabilit\u00e0 contrattuale ed extracontrattuale lo studio garantisce l\u2019adeguata tutela al fine di assicurare ai propri clienti l\u2019opportuno risarcimento a ristori di tutti i danni patrimoniali e non patrimoniali subiti, che potrebbero derivare da una pletora di rapporti negoziali o di altrui fatti illeciti dolosi o colposi.<\/p>\t\t\t\t\t\t\t\t<\/div>\n\t\t\t\t<\/div>\n\t\t\t\t\t<\/div>\n\t\t<\/div>\n\t\t\t\t\t<\/div>\n\t\t<\/section>\n\t\t\t\t<section class=\"elementor-section elementor-top-section elementor-element elementor-element-t7a8g09 elementor-section-boxed elementor-section-height-default elementor-section-height-default\" data-id=\"t7a8g09\" data-element_type=\"section\">\n\t\t\t\t\t\t<div class=\"elementor-container elementor-column-gap-extended\">\n\t\t\t\t\t<div class=\"elementor-column elementor-col-100 elementor-top-column elementor-element elementor-element-zg9m1q5\" data-id=\"zg9m1q5\" data-element_type=\"column\">\n\t\t\t<div class=\"elementor-widget-wrap elementor-element-populated\">\n\t\t\t\t\t\t<div class=\"elementor-element elementor-element-937dyzk elementor-widget-divider--view-line_icon elementor-view-default elementor-widget-divider--element-align-center elementor-widget elementor-widget-divider\" data-id=\"937dyzk\" data-element_type=\"widget\" data-widget_type=\"divider.default\">\n\t\t\t\t<div class=\"elementor-widget-container\">\n\t\t\t\t\t\t\t<div class=\"elementor-divider\">\n\t\t\t<span class=\"elementor-divider-separator\">\n\t\t\t\t\t\t\t<div class=\"elementor-icon elementor-divider__element\">\n\t\t\t\t\t<i aria-hidden=\"true\" class=\"fas fa-feather-alt\"><\/i><\/div>\n\t\t\t\t\t\t<\/span>\n\t\t<\/div>\n\t\t\t\t\t\t<\/div>\n\t\t\t\t<\/div>\n\t\t\t\t\t<\/div>\n\t\t<\/div>\n\t\t\t\t\t<\/div>\n\t\t<\/section>\n\t\t\t\t<section class=\"elementor-section elementor-top-section elementor-element elementor-element-goy3ap1 elementor-section-boxed elementor-section-height-default elementor-section-height-default\" data-id=\"goy3ap1\" data-element_type=\"section\">\n\t\t\t\t\t\t<div class=\"elementor-container elementor-column-gap-extended\">\n\t\t\t\t\t<div class=\"elementor-column elementor-col-100 elementor-top-column elementor-element elementor-element-77es7fe\" data-id=\"77es7fe\" data-element_type=\"column\">\n\t\t\t<div class=\"elementor-widget-wrap elementor-element-populated\">\n\t\t\t\t\t\t<div class=\"elementor-element elementor-element-8a5j99j elementor-widget elementor-widget-text-editor\" data-id=\"8a5j99j\" data-element_type=\"widget\" data-widget_type=\"text-editor.default\">\n\t\t\t\t<div class=\"elementor-widget-container\">\n\t\t\t\t\t\t\t\t\t<h4>I nostri Punti di Forza<\/h4>\t\t\t\t\t\t\t\t<\/div>\n\t\t\t\t<\/div>\n\t\t\t\t\t<\/div>\n\t\t<\/div>\n\t\t\t\t\t<\/div>\n\t\t<\/section>\n\t\t\t\t<section class=\"elementor-section elementor-top-section elementor-element elementor-element-5f8u83u elementor-section-boxed elementor-section-height-default elementor-section-height-default\" data-id=\"5f8u83u\" data-element_type=\"section\">\n\t\t\t\t\t\t<div class=\"elementor-container elementor-column-gap-extended\">\n\t\t\t\t\t<div class=\"elementor-column elementor-col-100 elementor-top-column elementor-element elementor-element-pilqe7g\" data-id=\"pilqe7g\" data-element_type=\"column\">\n\t\t\t<div class=\"elementor-widget-wrap elementor-element-populated\">\n\t\t\t\t\t\t<div class=\"elementor-element elementor-element-09aoe1u elementor-tabs-view-horizontal elementor-widget elementor-widget-tabs\" data-id=\"09aoe1u\" data-element_type=\"widget\" data-widget_type=\"tabs.default\">\n\t\t\t\t<div class=\"elementor-widget-container\">\n\t\t\t\t\t\t\t<div class=\"elementor-tabs\">\n\t\t\t<div class=\"elementor-tabs-wrapper\" role=\"tablist\" >\n\t\t\t\t\t\t\t\t\t<div id=\"elementor-tab-title-3961\" class=\"elementor-tab-title elementor-tab-desktop-title\" aria-selected=\"true\" data-tab=\"1\" role=\"tab\" tabindex=\"0\" aria-controls=\"elementor-tab-content-3961\" aria-expanded=\"false\">Cura del Particolare<\/div>\n\t\t\t\t\t\t\t\t\t<div id=\"elementor-tab-title-3962\" class=\"elementor-tab-title elementor-tab-desktop-title\" aria-selected=\"false\" data-tab=\"2\" role=\"tab\" tabindex=\"-1\" aria-controls=\"elementor-tab-content-3962\" aria-expanded=\"false\">Approfondimento<\/div>\n\t\t\t\t\t\t\t\t\t<div id=\"elementor-tab-title-3963\" class=\"elementor-tab-title elementor-tab-desktop-title\" aria-selected=\"false\" data-tab=\"3\" role=\"tab\" tabindex=\"-1\" aria-controls=\"elementor-tab-content-3963\" aria-expanded=\"false\">Disponibilit\u00e0<\/div>\n\t\t\t\t\t\t\t<\/div>\n\t\t\t<div class=\"elementor-tabs-content-wrapper\" role=\"tablist\" aria-orientation=\"vertical\">\n\t\t\t\t\t\t\t\t\t<div class=\"elementor-tab-title elementor-tab-mobile-title\" aria-selected=\"true\" data-tab=\"1\" role=\"tab\" tabindex=\"0\" aria-controls=\"elementor-tab-content-3961\" aria-expanded=\"false\">Cura del Particolare<\/div>\n\t\t\t\t\t<div id=\"elementor-tab-content-3961\" class=\"elementor-tab-content elementor-clearfix\" data-tab=\"1\" role=\"tabpanel\" aria-labelledby=\"elementor-tab-title-3961\" tabindex=\"0\" hidden=\"false\"><p>Ogni strategia difensiva viene formulata ad hoc nell\u2019interesse del cliente.<\/p><\/div>\n\t\t\t\t\t\t\t\t\t<div class=\"elementor-tab-title elementor-tab-mobile-title\" aria-selected=\"false\" data-tab=\"2\" role=\"tab\" tabindex=\"-1\" aria-controls=\"elementor-tab-content-3962\" aria-expanded=\"false\">Approfondimento<\/div>\n\t\t\t\t\t<div id=\"elementor-tab-content-3962\" class=\"elementor-tab-content elementor-clearfix\" data-tab=\"2\" role=\"tabpanel\" aria-labelledby=\"elementor-tab-title-3962\" tabindex=\"0\" hidden=\"hidden\"><p>Tutte le questioni giuridiche sono esaminate e valutate con scrupolo e attenzione.<\/p><\/div>\n\t\t\t\t\t\t\t\t\t<div class=\"elementor-tab-title elementor-tab-mobile-title\" aria-selected=\"false\" data-tab=\"3\" role=\"tab\" tabindex=\"-1\" aria-controls=\"elementor-tab-content-3963\" aria-expanded=\"false\">Disponibilit\u00e0<\/div>\n\t\t\t\t\t<div id=\"elementor-tab-content-3963\" class=\"elementor-tab-content elementor-clearfix\" data-tab=\"3\" role=\"tabpanel\" aria-labelledby=\"elementor-tab-title-3963\" tabindex=\"0\" hidden=\"hidden\"><p>Siamo sempre al fianco dei nostri clienti per ogni necessit\u00e0 o esigenza.<\/p><\/div>\n\t\t\t\t\t\t\t<\/div>\n\t\t<\/div>\n\t\t\t\t\t\t<\/div>\n\t\t\t\t<\/div>\n\t\t\t\t\t<\/div>\n\t\t<\/div>\n\t\t\t\t\t<\/div>\n\t\t<\/section>\n\t\t\t\t<\/div>\n\t\t","protected":false},"excerpt":{"rendered":"<p>Lo studio, al fine di garantire ai propri clienti la pi\u00f9 scrupolosa e globale difesa nel settore del diritto civile, offre puntuale assistenza tanto in fase stragiudiziale che giudiziale, a titolo esemplificativo, nel campo della contrattualistica, in materia di locazioni, recupero crediti e di responsabilit\u00e0 contrattuale ed extracontrattuale. In particolare, i professionisti prestano un\u2019eccellente attivit\u00e0 [&hellip;]<\/p>\n","protected":false},"author":1,"featured_media":1324,"parent":377,"menu_order":0,"comment_status":"closed","ping_status":"closed","template":"","meta":{"_exactmetrics_skip_tracking":false,"_exactmetrics_sitenote_active":false,"_exactmetrics_sitenote_note":"","_exactmetrics_sitenote_category":0,"footnotes":""},"yoast_head":"<!-- This site is optimized with the Yoast SEO plugin v23.5 - https:\/\/yoast.com\/wordpress\/plugins\/seo\/ -->\n<title>Diritto Civile &#8211; Studio Legale Catone<\/title>\n<meta name=\"description\" content=\"Lo Studio Legale Catone presta assistenza qualificata in materia del diritto civile oltre alla difesa ed alla rappresentanza in giudizio.\" \/>\n<meta name=\"robots\" content=\"index, follow, max-snippet:-1, max-image-preview:large, max-video-preview:-1\" \/>\n<link rel=\"canonical\" href=\"https:\/\/studiolegalecatone.it\/index.php\/practice-areas\/diritto-civile\/\" \/>\n<meta property=\"og:locale\" content=\"it_IT\" \/>\n<meta property=\"og:type\" content=\"article\" \/>\n<meta property=\"og:title\" content=\"Diritto Civile &#8211; Studio Legale Catone\" \/>\n<meta property=\"og:description\" content=\"Lo Studio Legale Catone presta assistenza qualificata in materia del diritto civile oltre alla difesa ed alla rappresentanza in giudizio.\" \/>\n<meta property=\"og:url\" content=\"https:\/\/studiolegalecatone.it\/index.php\/practice-areas\/diritto-civile\/\" \/>\n<meta property=\"og:site_name\" content=\"Studio Legale Catone\" \/>\n<meta property=\"article:modified_time\" content=\"2021-02-25T10:35:01+00:00\" \/>\n<meta property=\"og:image\" content=\"https:\/\/studiolegalecatone.it\/wp-content\/uploads\/2021\/01\/Civile-1.jpg\" \/>\n\t<meta property=\"og:image:width\" content=\"1920\" \/>\n\t<meta property=\"og:image:height\" content=\"450\" \/>\n\t<meta property=\"og:image:type\" content=\"image\/jpeg\" \/>\n<meta name=\"twitter:card\" content=\"summary_large_image\" \/>\n<meta name=\"twitter:label1\" content=\"Tempo di lettura stimato\" \/>\n\t<meta name=\"twitter:data1\" content=\"2 minuti\" \/>\n<script type=\"application\/ld+json\" class=\"yoast-schema-graph\">{\"@context\":\"https:\/\/schema.org\",\"@graph\":[{\"@type\":\"WebPage\",\"@id\":\"https:\/\/studiolegalecatone.it\/index.php\/practice-areas\/diritto-civile\/\",\"url\":\"https:\/\/studiolegalecatone.it\/index.php\/practice-areas\/diritto-civile\/\",\"name\":\"Diritto Civile &#8211; Studio Legale Catone\",\"isPartOf\":{\"@id\":\"https:\/\/studiolegalecatone.it\/#website\"},\"primaryImageOfPage\":{\"@id\":\"https:\/\/studiolegalecatone.it\/index.php\/practice-areas\/diritto-civile\/#primaryimage\"},\"image\":{\"@id\":\"https:\/\/studiolegalecatone.it\/index.php\/practice-areas\/diritto-civile\/#primaryimage\"},\"thumbnailUrl\":\"https:\/\/studiolegalecatone.it\/wp-content\/uploads\/2021\/01\/Civile-1.jpg\",\"datePublished\":\"2016-11-03T13:15:32+00:00\",\"dateModified\":\"2021-02-25T10:35:01+00:00\",\"description\":\"Lo Studio Legale Catone presta assistenza qualificata in materia del diritto civile oltre alla difesa ed alla rappresentanza in giudizio.\",\"breadcrumb\":{\"@id\":\"https:\/\/studiolegalecatone.it\/index.php\/practice-areas\/diritto-civile\/#breadcrumb\"},\"inLanguage\":\"it-IT\",\"potentialAction\":[{\"@type\":\"ReadAction\",\"target\":[\"https:\/\/studiolegalecatone.it\/index.php\/practice-areas\/diritto-civile\/\"]}]},{\"@type\":\"ImageObject\",\"inLanguage\":\"it-IT\",\"@id\":\"https:\/\/studiolegalecatone.it\/index.php\/practice-areas\/diritto-civile\/#primaryimage\",\"url\":\"https:\/\/studiolegalecatone.it\/wp-content\/uploads\/2021\/01\/Civile-1.jpg\",\"contentUrl\":\"https:\/\/studiolegalecatone.it\/wp-content\/uploads\/2021\/01\/Civile-1.jpg\",\"width\":1920,\"height\":450},{\"@type\":\"BreadcrumbList\",\"@id\":\"https:\/\/studiolegalecatone.it\/index.php\/practice-areas\/diritto-civile\/#breadcrumb\",\"itemListElement\":[{\"@type\":\"ListItem\",\"position\":1,\"name\":\"Home\",\"item\":\"https:\/\/studiolegalecatone.it\/\"},{\"@type\":\"ListItem\",\"position\":2,\"name\":\"Le Aree di Competenza\",\"item\":\"https:\/\/studiolegalecatone.it\/index.php\/practice-areas\/\"},{\"@type\":\"ListItem\",\"position\":3,\"name\":\"Diritto Civile\"}]},{\"@type\":\"WebSite\",\"@id\":\"https:\/\/studiolegalecatone.it\/#website\",\"url\":\"https:\/\/studiolegalecatone.it\/\",\"name\":\"Studio Legale Catone\",\"description\":\"\",\"publisher\":{\"@id\":\"https:\/\/studiolegalecatone.it\/#organization\"},\"potentialAction\":[{\"@type\":\"SearchAction\",\"target\":{\"@type\":\"EntryPoint\",\"urlTemplate\":\"https:\/\/studiolegalecatone.it\/?s={search_term_string}\"},\"query-input\":{\"@type\":\"PropertyValueSpecification\",\"valueRequired\":true,\"valueName\":\"search_term_string\"}}],\"inLanguage\":\"it-IT\"},{\"@type\":\"Organization\",\"@id\":\"https:\/\/studiolegalecatone.it\/#organization\",\"name\":\"Studio Legale Catone\",\"url\":\"https:\/\/studiolegalecatone.it\/\",\"logo\":{\"@type\":\"ImageObject\",\"inLanguage\":\"it-IT\",\"@id\":\"https:\/\/studiolegalecatone.it\/#\/schema\/logo\/image\/\",\"url\":\"https:\/\/studiolegalecatone.it\/wp-content\/uploads\/2021\/01\/studio-legale-catone-logo-base-2.png\",\"contentUrl\":\"https:\/\/studiolegalecatone.it\/wp-content\/uploads\/2021\/01\/studio-legale-catone-logo-base-2.png\",\"width\":1000,\"height\":492,\"caption\":\"Studio Legale Catone\"},\"image\":{\"@id\":\"https:\/\/studiolegalecatone.it\/#\/schema\/logo\/image\/\"}}]}<\/script>\n<!-- \/ Yoast SEO plugin. -->","yoast_head_json":{"title":"Diritto Civile &#8211; Studio Legale Catone","description":"Lo Studio Legale Catone presta assistenza qualificata in materia del diritto civile oltre alla difesa ed alla rappresentanza in giudizio.","robots":{"index":"index","follow":"follow","max-snippet":"max-snippet:-1","max-image-preview":"max-image-preview:large","max-video-preview":"max-video-preview:-1"},"canonical":"https:\/\/studiolegalecatone.it\/index.php\/practice-areas\/diritto-civile\/","og_locale":"it_IT","og_type":"article","og_title":"Diritto Civile &#8211; Studio Legale Catone","og_description":"Lo Studio Legale Catone presta assistenza qualificata in materia del diritto civile oltre alla difesa ed alla rappresentanza in giudizio.","og_url":"https:\/\/studiolegalecatone.it\/index.php\/practice-areas\/diritto-civile\/","og_site_name":"Studio Legale Catone","article_modified_time":"2021-02-25T10:35:01+00:00","og_image":[{"width":1920,"height":450,"url":"https:\/\/studiolegalecatone.it\/wp-content\/uploads\/2021\/01\/Civile-1.jpg","type":"image\/jpeg"}],"twitter_card":"summary_large_image","twitter_misc":{"Tempo di lettura stimato":"2 minuti"},"schema":{"@context":"https:\/\/schema.org","@graph":[{"@type":"WebPage","@id":"https:\/\/studiolegalecatone.it\/index.php\/practice-areas\/diritto-civile\/","url":"https:\/\/studiolegalecatone.it\/index.php\/practice-areas\/diritto-civile\/","name":"Diritto Civile &#8211; Studio Legale Catone","isPartOf":{"@id":"https:\/\/studiolegalecatone.it\/#website"},"primaryImageOfPage":{"@id":"https:\/\/studiolegalecatone.it\/index.php\/practice-areas\/diritto-civile\/#primaryimage"},"image":{"@id":"https:\/\/studiolegalecatone.it\/index.php\/practice-areas\/diritto-civile\/#primaryimage"},"thumbnailUrl":"https:\/\/studiolegalecatone.it\/wp-content\/uploads\/2021\/01\/Civile-1.jpg","datePublished":"2016-11-03T13:15:32+00:00","dateModified":"2021-02-25T10:35:01+00:00","description":"Lo Studio Legale Catone presta assistenza qualificata in materia del diritto civile oltre alla difesa ed alla rappresentanza in giudizio.","breadcrumb":{"@id":"https:\/\/studiolegalecatone.it\/index.php\/practice-areas\/diritto-civile\/#breadcrumb"},"inLanguage":"it-IT","potentialAction":[{"@type":"ReadAction","target":["https:\/\/studiolegalecatone.it\/index.php\/practice-areas\/diritto-civile\/"]}]},{"@type":"ImageObject","inLanguage":"it-IT","@id":"https:\/\/studiolegalecatone.it\/index.php\/practice-areas\/diritto-civile\/#primaryimage","url":"https:\/\/studiolegalecatone.it\/wp-content\/uploads\/2021\/01\/Civile-1.jpg","contentUrl":"https:\/\/studiolegalecatone.it\/wp-content\/uploads\/2021\/01\/Civile-1.jpg","width":1920,"height":450},{"@type":"BreadcrumbList","@id":"https:\/\/studiolegalecatone.it\/index.php\/practice-areas\/diritto-civile\/#breadcrumb","itemListElement":[{"@type":"ListItem","position":1,"name":"Home","item":"https:\/\/studiolegalecatone.it\/"},{"@type":"ListItem","position":2,"name":"Le Aree di Competenza","item":"https:\/\/studiolegalecatone.it\/index.php\/practice-areas\/"},{"@type":"ListItem","position":3,"name":"Diritto Civile"}]},{"@type":"WebSite","@id":"https:\/\/studiolegalecatone.it\/#website","url":"https:\/\/studiolegalecatone.it\/","name":"Studio Legale Catone","description":"","publisher":{"@id":"https:\/\/studiolegalecatone.it\/#organization"},"potentialAction":[{"@type":"SearchAction","target":{"@type":"EntryPoint","urlTemplate":"https:\/\/studiolegalecatone.it\/?s={search_term_string}"},"query-input":{"@type":"PropertyValueSpecification","valueRequired":true,"valueName":"search_term_string"}}],"inLanguage":"it-IT"},{"@type":"Organization","@id":"https:\/\/studiolegalecatone.it\/#organization","name":"Studio Legale Catone","url":"https:\/\/studiolegalecatone.it\/","logo":{"@type":"ImageObject","inLanguage":"it-IT","@id":"https:\/\/studiolegalecatone.it\/#\/schema\/logo\/image\/","url":"https:\/\/studiolegalecatone.it\/wp-content\/uploads\/2021\/01\/studio-legale-catone-logo-base-2.png","contentUrl":"https:\/\/studiolegalecatone.it\/wp-content\/uploads\/2021\/01\/studio-legale-catone-logo-base-2.png","width":1000,"height":492,"caption":"Studio Legale Catone"},"image":{"@id":"https:\/\/studiolegalecatone.it\/#\/schema\/logo\/image\/"}}]}},"_links":{"self":[{"href":"https:\/\/studiolegalecatone.it\/index.php\/wp-json\/wp\/v2\/pages\/417"}],"collection":[{"href":"https:\/\/studiolegalecatone.it\/index.php\/wp-json\/wp\/v2\/pages"}],"about":[{"href":"https:\/\/studiolegalecatone.it\/index.php\/wp-json\/wp\/v2\/types\/page"}],"author":[{"embeddable":true,"href":"https:\/\/studiolegalecatone.it\/index.php\/wp-json\/wp\/v2\/users\/1"}],"replies":[{"embeddable":true,"href":"https:\/\/studiolegalecatone.it\/index.php\/wp-json\/wp\/v2\/comments?post=417"}],"version-history":[{"count":19,"href":"https:\/\/studiolegalecatone.it\/index.php\/wp-json\/wp\/v2\/pages\/417\/revisions"}],"predecessor-version":[{"id":1427,"href":"https:\/\/studiolegalecatone.it\/index.php\/wp-json\/wp\/v2\/pages\/417\/revisions\/1427"}],"up":[{"embeddable":true,"href":"https:\/\/studiolegalecatone.it\/index.php\/wp-json\/wp\/v2\/pages\/377"}],"wp:featuredmedia":[{"embeddable":true,"href":"https:\/\/studiolegalecatone.it\/index.php\/wp-json\/wp\/v2\/media\/1324"}],"wp:attachment":[{"href":"https:\/\/studiolegalecatone.it\/index.php\/wp-json\/wp\/v2\/media?parent=417"}],"curies":[{"name":"wp","href":"https:\/\/api.w.org\/{rel}","templated":true}]}}