{"id":3,"date":"2021-01-13T10:02:24","date_gmt":"2021-01-13T10:02:24","guid":{"rendered":"https:\/\/studiolegalecatone.it\/?page_id=3"},"modified":"2021-02-25T00:14:19","modified_gmt":"2021-02-25T00:14:19","slug":"privacy-policy","status":"publish","type":"page","link":"https:\/\/studiolegalecatone.it\/index.php\/privacy-policy\/","title":{"rendered":"Privacy Policy"},"content":{"rendered":"<div class=\"vc_row wpb_row vc_row-fluid vc_custom_1553688706770 ccs_default\">\n<div class=\"wpb_column vc_column_container vc_col-sm-12\">\n<div class=\"vc_column-inner\">\n<div class=\"wpb_wrapper\">\n<h4 class=\"vc_custom_heading\">Informativa ai sensi dell&#8217;art. 13 del Regolamento UE 2016\/679 per il trattamento dei dati personali<\/h4>\n<div class=\"wpb_text_column wpb_content_element \">\n<div class=\"wpb_wrapper\">\n<p>Per effetto della consultazione e dell\u2019utilizzo di questo sito possono essere acquisite e trattate informazioni e dati personali relativi a persone identificate o identificabili. Il trattamento delle informazioni e dei dati dei quali lo Studio entrer\u00e0 in possono sar\u00e0 effettuato nel rispetto delle disposizioni del Regolamento UE 2016\/679 (di seguito \u201c<em>Regolamento<\/em>\u201d) e del d.lgs. 196\/2003 (di seguito \u201cCodice della Privacy\u201d) e sar\u00e0 improntato ai principi di correttezza, liceit\u00e0 e trasparenza. Forniamo quindi di seguito le seguenti informazioni.<\/p>\n<\/div>\n<\/div>\n<\/div>\n<\/div>\n<\/div>\n<\/div>\n<div class=\"vc_row wpb_row vc_row-fluid ccs_default\">\n<div class=\"wpb_column vc_column_container vc_col-sm-12\">\n<div class=\"vc_column-inner\">\n<div class=\"wpb_wrapper\">\n<h4 class=\"vc_custom_heading\">1) Identit\u00e0 e dati di contatto del Titolare del trattamento<\/h4>\n<div class=\"wpb_text_column wpb_content_element \">\n<div class=\"wpb_wrapper\">\n<p>Il Titolare del trattamento \u00e8 lo STUDIO LEGALE CATONE, P.IVA 15846511002, con sede in Roma, Piazza Capranica n. 78, in persona dell\u2019avv. GIULIA CATONE. Il Titolare pu\u00f2 essere contattato mediante email all\u2019indirizzo <a href=\"mailto:segreteria@studiolegalecatone.it\">segreteria@studiolegalecatone.it<\/a> o via PEC all\u2019indirizzo <a href=\"mailto:giuliacatone@pec.it\">giuliacatone@pec.it<\/a>.<\/p>\n<\/div>\n<\/div>\n<\/div>\n<\/div>\n<\/div>\n<\/div>\n<div class=\"vc_row wpb_row vc_row-fluid ccs_default\">\n<div class=\"wpb_column vc_column_container vc_col-sm-12\">\n<div class=\"vc_column-inner\">\n<div class=\"wpb_wrapper\">\n<h4 class=\"vc_custom_heading\">2) Identit\u00e0 e dati di contatto del referente della protezione dei dati<\/h4>\n<div class=\"wpb_text_column wpb_content_element \">\n<div class=\"wpb_wrapper\">\n<p>Il referente della protezione dei dati individuato dal Titolare del trattamento \u00e8 l\u2019avv. GIULIA CATONE. Il referente della protezione dei dati pu\u00f2 essere contattato all\u2019indirizzo e-mail <a href=\"mailto:g.catone@studiolegalecatone.it\">g.catone@studiolegalecatone.it<\/a> o via PEC all\u2019indirizzo <a href=\"mailto:giuliacatone@pec.it\">giuliacatone@pec.it<\/a>.<\/p>\n<\/div>\n<\/div>\n<\/div>\n<\/div>\n<\/div>\n<\/div>\n<div class=\"vc_row wpb_row vc_row-fluid ccs_default\">\n<div class=\"wpb_column vc_column_container vc_col-sm-12\">\n<div class=\"vc_column-inner\">\n<div class=\"wpb_wrapper\">\n<h4 class=\"vc_custom_heading\">3) Categorie dei dati trattati<\/h4>\n<div class=\"wpb_text_column wpb_content_element \">\n<div class=\"wpb_wrapper\">\n<p>I dati trattati sono i dati di navigazione. I sistemi informatici e le procedure software preposte al funzionamento di questo sito web acquisiscono, nel corso del loro normale esercizio, alcuni dati personali la cui trasmissione \u00e8 implicita nell\u2019uso dei protocolli di comunicazione di Internet. Si tratta di informazioni che non sono raccolte per essere associate a interessati identificati, ma che per loro stessa natura potrebbero, attraverso elaborazioni ed associazioni con dati detenuti da terzi, permettere di identificare gli utenti.<\/p>\n<p>In questa categoria di dati rientrano gli indirizzi IP o i nomi a dominio dei computer utilizzati dagli utenti che si connettono al sito, gli indirizzi in notazione URI (Uniform Resource Identifier) delle risorse richieste, l\u2019orario della richiesta, il metodo utilizzato nel sottoporre la richiesta al server, la dimensione del file ottenuto in risposta, il codice numerico indicante lo stato della risposta data dal server (buon fine, errore, ecc.) ed altri parametri relativi al sistema operativo, all\u2019ambiente informatico dell\u2019utente e l\u2019origine geografica della connessione.<\/p>\n<p>Oltre ai dati di navigazione, oggetto di trattamento sono i dati forniti volontariamente dall\u2019utente. L\u2019utente \u00e8 libero di fornire i dati personali attraverso l\u2019inoltro di e-mail o la compilazione dei moduli presenti sul sito per sottoporre richieste o la propria candidatura attraverso l\u2019invio di CV o per aderire alle iniziative dello Studio. L\u2019invio facoltativo, esplicito e volontario di posta elettronica agli indirizzi indicati su questo sito comporta la successiva acquisizione dell\u2019indirizzo del mittente, necessario per rispondere alle richieste, nonch\u00e9 degli eventuali altri dati personali inseriti nella missiva.<\/p>\n<\/div>\n<\/div>\n<\/div>\n<\/div>\n<\/div>\n<\/div>\n<div class=\"vc_row wpb_row vc_row-fluid ccs_default\">\n<div class=\"wpb_column vc_column_container vc_col-sm-12\">\n<div class=\"vc_column-inner\">\n<div class=\"wpb_wrapper\">\n<h4 class=\"vc_custom_heading\">4) Finalit\u00e0 del trattamento dei dati<\/h4>\n<div class=\"wpb_text_column wpb_content_element \">\n<div class=\"wpb_wrapper\">\n<p>I dati di navigazione sono utilizzati al solo fine di ricavare informazioni statistiche anonime sull\u2019uso del sito e per controllarne il corretto funzionamento. I dati potrebbero essere utilizzati per l\u2019accertamento di responsabilit\u00e0 in caso di ipotetici reati informatici ai danni del sito.<\/p>\n<p>I dati personali forniti dagli utenti che richiedono l\u2019invio di materiale informativo su eventi o iniziative organizzate dallo Studio oppure che vogliano usufruire dei servizi forniti dallo Studio o che inviano richieste di contatto o inoltrano il proprio curriculum vitae sono utilizzati al solo fine di soddisfare o dare riscontro alle richieste trasmesse e sono comunicati a terzi nel solo caso in cui ci\u00f2 sia a tal fine necessario.<\/p>\n<p>Lo Studio potr\u00e0 trattare i dati personali degli utenti nel perseguimento dei \u201clegittimi interessi\u201d propri o di terzi, ad esempio ai fini di gestione di eventuali contenziosi, contestazioni, controversie, reclami, nonch\u00e9 di tutela dei propri sistemi informativi, oltre che per adempiere alle disposizioni di legge e normative applicabili.<\/p>\n<\/div>\n<\/div>\n<\/div>\n<\/div>\n<\/div>\n<\/div>\n<div class=\"vc_row wpb_row vc_row-fluid ccs_default\">\n<div class=\"wpb_column vc_column_container vc_col-sm-12\">\n<div class=\"vc_column-inner\">\n<div class=\"wpb_wrapper\">\n<h4 class=\"vc_custom_heading\">5) Modalit\u00e0 del trattamento dei dati<\/h4>\n<div class=\"wpb_text_column wpb_content_element \">\n<div class=\"wpb_wrapper\">\n<p>Il trattamento delle informazioni e dei dati personali acquisiti per effetto della consultazione e dell\u2019utilizzo di questo sito avr\u00e0 luogo presso le sedi di Roma e Milano dello Studio e sar\u00e0 curato solo da personale incaricato del trattamento, oppure da incaricati specialisti per operazioni di manutenzione.<\/p>\n<p>Il trattamento dei dati personali avverr\u00e0 mediante strumenti manuali, informatici o telematici, idonei a garantirne la sicurezza e la riservatezza per il tempo strettamente necessario a conseguire gli scopi per cui sono stati raccolti.<\/p>\n<p>Specifiche misure di sicurezza sono osservate per prevenire la perdita dei dati, usi illeciti o non corretti ed accessi non autorizzati. Lo Studio ha adottato tutte le misure minime di sicurezza previste dalla legge. Lo Studio, ispirandosi ai principali standard internazionali, ha inoltre adottato misure di sicurezza ulteriori per ridurre al minimo i rischi afferenti la riservatezza, la disponibilit\u00e0 e l\u2019integrit\u00e0 dei dati personali raccolti e trattati.<\/p>\n<\/div>\n<\/div>\n<\/div>\n<\/div>\n<\/div>\n<\/div>\n<div class=\"vc_row wpb_row vc_row-fluid ccs_default\">\n<div class=\"wpb_column vc_column_container vc_col-sm-12\">\n<div class=\"vc_column-inner\">\n<div class=\"wpb_wrapper\">\n<h4 class=\"vc_custom_heading\">6) Condivisione, comunicazione e diffusione dei dati<\/h4>\n<div class=\"wpb_text_column wpb_content_element \">\n<div class=\"wpb_wrapper\">\n<p>I dati personali acquisiti non saranno comunicati, n\u00e9 concessi ad alcuno, salvo vi sia consenso esplicito a condividerli con terze parti; vi sia la necessit\u00e0 di condividere con terzi i dati personali acquisiti al fine di prestare il servizio richiesto; ci\u00f2 sia necessario per adempiere a richieste dell\u2019Autorit\u00e0 Giudiziaria o di Pubblica Sicurezza.<\/p>\n<\/div>\n<\/div>\n<\/div>\n<\/div>\n<\/div>\n<\/div>\n<div class=\"vc_row wpb_row vc_row-fluid ccs_default\">\n<div class=\"wpb_column vc_column_container vc_col-sm-12\">\n<div class=\"vc_column-inner\">\n<div class=\"wpb_wrapper\">\n<h4 class=\"vc_custom_heading\">7) Trattamento dei dati sensibili<\/h4>\n<div class=\"wpb_text_column wpb_content_element \">\n<div class=\"wpb_wrapper\">\n<p>Nel caso in cui venga inviato un curriculum vitae contenente dati personali sensibili ovvero dati inerenti lo stato di salute, opinioni politiche, religiose o sindacali (ovvero l\u2019adesione a movimenti o organizzazioni di tale natura), dati giudiziari e dati inerenti le origini razziali o etniche e non recante un esplicito consenso scritto al trattamento di tali dati, tale consenso verr\u00e0 richiesto esplicitamente e per iscritto. In mancanza di un riscontro entro 14 giorni, i dati saranno eliminati definitivamente.<\/p>\n<\/div>\n<\/div>\n<\/div>\n<\/div>\n<\/div>\n<\/div>\n<div class=\"vc_row wpb_row vc_row-fluid ccs_default\">\n<div class=\"wpb_column vc_column_container vc_col-sm-12\">\n<div class=\"vc_column-inner\">\n<div class=\"wpb_wrapper\">\n<h4 class=\"vc_custom_heading\">8) Diritti degli interessati<\/h4>\n<div class=\"wpb_text_column wpb_content_element \">\n<div class=\"wpb_wrapper\">\n<p>I soggetti cui si riferiscono i dati personali hanno il diritto in qualunque momento di ottenere la conferma dell\u2019esistenza o meno dei medesimi dati e di conoscerne il contenuto e l\u2019origine, verificarne l\u2019esattezza o chiederne l\u2019integrazione o l\u2019aggiornamento, oppure la rettifica. L\u2019interessato ha il diritto di chiedere la cancellazione, la trasformazione in forma anonima o il blocco dei dati trattati in violazione di legge, nonch\u00e9 di opporsi in ogni caso, per motivi legittimi, al loro trattamento (artt. da 15 a 22 del Regolamento).<\/p>\n<p>Le richieste possono essere inviate all\u2019attenzione del Responsabile del trattamento dei dati personali agli indirizzi indicati al precedente punto n. 2 della presente informativa.<\/p>\n<\/div>\n<\/div>\n<\/div>\n<\/div>\n<\/div>\n<\/div>\n<div class=\"vc_row wpb_row vc_row-fluid ccs_default\">\n<div class=\"wpb_column vc_column_container vc_col-sm-12\">\n<div class=\"vc_column-inner\">\n<div class=\"wpb_wrapper\">\n<h4 class=\"vc_custom_heading\">9) Modifiche alle presenti politiche sulla privacy<\/h4>\n<div class=\"wpb_text_column wpb_content_element \">\n<div class=\"wpb_wrapper\">\n<p>Lo Studio verifica periodicamente le proprie politiche relative alla privacy e alla sicurezza e, se del caso, le rivede in relazione alle modifiche normative, organizzative o dettate dall\u2019evoluzione tecnologica. In caso di modifica delle politiche, la nuova versione sar\u00e0 pubblicata in questa pagina del sito.<\/p>\n<\/div>\n<\/div>\n<\/div>\n<\/div>\n<\/div>\n<\/div>\n<div class=\"vc_row wpb_row vc_row-fluid ccs_default\">\n<div class=\"wpb_column vc_column_container vc_col-sm-12\">\n<div class=\"vc_column-inner\">\n<div class=\"wpb_wrapper\">\n<h4 class=\"vc_custom_heading\">10) Informativa sui cookie<\/h4>\n<div class=\"wpb_text_column wpb_content_element \">\n<div class=\"wpb_wrapper\">\n<p>I cookie sono dati che vengono inviati dal sito web e memorizzati dal browser internet nel computer o in altro dispositivo (ad esempio, tablet o cellulare) dell\u2019utente. Potranno essere installati, dal nostro sito internet o dai relativi sottodomini, cookie tecnici e cookie di terze parti.<\/p>\n<p>Ad ogni modo, l\u2019utente potr\u00e0 gestire, ovvero richiedere la disattivazione generale o la cancellazione dei cookie, modificando le impostazioni del proprio browser internet. Tale disattivazione, per\u00f2, potr\u00e0 rallentare o impedire l\u2019accesso ad alcune parti del sito.<\/p>\n<p>Le impostazioni per gestire o disattivare i cookie possono variare a seconda del browser internet utilizzato, pertanto, per avere maggiori informazioni sulle modalit\u00e0 con le quali compiere tali operazioni, suggeriamo all\u2019Utente di consultare il manuale del proprio dispositivo o la funzione \u201cAiuto\u201d o \u201cHelp\u201d del proprio browser internet.<\/p>\n<p>Di seguito si indicano agli Utenti i link che spiegano come gestire o disabilitare i cookie per i browser internet pi\u00f9 diffusi:<\/p>\n<ul>\n<li>Internet Explorer:\u00a0<a href=\"http:\/\/windows.microsoft.com\/it-IT\/internet-explorer\/delete-manage-cookies\">http:\/\/windows.microsoft.com\/it-IT\/internet-explorer\/delete-manage-cookies<\/a><\/li>\n<li>Google Chrome:\u00a0<a href=\"https:\/\/support.google.com\/chrome\/answer\/95647\">https:\/\/support.google.com\/chrome\/answer\/95647<\/a><\/li>\n<li>Mozilla Firefox:\u00a0<a href=\"http:\/\/support.mozilla.org\/it\/kb\/Gestione%20dei%20cookie\">http:\/\/support.mozilla.org\/it\/kb\/Gestione%20dei%20cookie<\/a><\/li>\n<li>Opera:\u00a0<a href=\"http:\/\/help.opera.com\/Windows\/10.00\/it\/cookies.html\">http:\/\/help.opera.com\/Windows\/10.00\/it\/cookies.html<\/a><\/li>\n<li>Safari:\u00a0<a href=\"https:\/\/support.apple.com\/kb\/PH19255\">https:\/\/support.apple.com\/kb\/PH19255<\/a><\/li>\n<\/ul>\n<\/div>\n<\/div>\n<h5 class=\"vc_custom_heading\">Cookie tecnici<\/h5>\n<div class=\"wpb_text_column wpb_content_element \">\n<div class=\"wpb_wrapper\">\n<p>L\u2019uso di cookie tecnici, ossia cookie necessari alla trasmissione di comunicazioni su rete di comunicazione elettronica ovvero cookie strettamente necessari al fornitore per erogare il servizio richiesto dal cliente, consente la fruizione sicura ed efficiente del nostro sito. Potranno essere installati cookie di sessione al fine di consentire l\u2019accesso e la permanenza nell\u2019area riservata del portale come utente autenticato.<\/p>\n<p>I cookie tecnici sono essenziali per il corretto funzionamento del nostro sito internet e sono utilizzati per permettere agli utenti la normale navigazione e la possibilit\u00e0 di usufruire dei servizi avanzati disponibili sul nostro sito web. I cookie tecnici utilizzati si distinguono in cookie di sessione, che vengono memorizzati esclusivamente per la durata della navigazione fino alla chiusura del browser, e cookie persistenti che vengono salvati nella memoria del dispositivo dell\u2019utente fino alla loro scadenza o cancellazione da parte dell\u2019utente medesimo.<\/p>\n<p>Il nostro sito utilizza i seguenti cookie tecnici:<\/p>\n<ul>\n<li>cookie tecnici di navigazione o di sessione, utilizzati per gestire la normale navigazione e l\u2019autenticazione dell\u2019utente;<\/li>\n<li>cookie tecnici funzionali, utilizzati per memorizzare personalizzazioni scelte dall\u2019utente, quali, ad esempio, la lingua;<\/li>\n<li>cookie tecnici analytics, utilizzati per conoscere il modo in cui gli utenti utilizzano il nostro sito web cos\u00ec da poter valutare e migliorare il funzionamento.<\/li>\n<\/ul>\n<\/div>\n<\/div>\n<h5 class=\"vc_custom_heading\">Cookie di terze parti<\/h5>\n<div class=\"wpb_text_column wpb_content_element \">\n<div class=\"wpb_wrapper\">\n<p>Potranno essere installati cookie di terze parti: si tratta dei cookie, analitici e di profilazione, di Google Analytics e Google Doubleclick. Tali cookie sono inviati dai siti internet di predette terze parti esterne al nostro sito.<\/p>\n<p>I cookie analitici di terze parti sono impiegati per rilevare informazioni sul comportamento degli utenti sul sito. La rilevazione avviene in forma anonima, al fine di monitorare le prestazioni e migliorare l\u2019usabilit\u00e0 del sito. I cookie di profilazione di terze parti sono utilizzati per creare profili relativi agli utenti, al fine di proporre messaggi pubblicitari in linea con le scelte manifestate dagli utenti medesimi.<\/p>\n<p>L\u2019utilizzo di questi cookie \u00e8 disciplinato dalle regole predisposte dalle terze parti medesime, pertanto, si invitano gli Utenti a prendere visione delle informative privacy e delle indicazioni per gestire o disabilitare i cookie pubblicate nelle seguenti pagine web.<\/p>\n<p>Per cookie di Google Analytics:<\/p>\n<ul>\n<li>privacy policy:\u00a0<a href=\"https:\/\/www.google.com\/intl\/it\/policies\/privacy\">https:\/\/www.google.com\/intl\/it\/policies\/privacy<\/a><\/li>\n<li>indicazioni per gestire o disabilitare i cookie:\u00a0<a href=\"https:\/\/support.google.com\/accounts\/answer\/61416?hl=i\">https:\/\/support.google.com\/accounts\/answer\/61416?hl=i<\/a><\/li>\n<\/ul>\n<p>Per cookie di Google Doubleclick:<\/p>\n<ul>\n<li>privacy policy:\u00a0<a href=\"https:\/\/www.google.com\/intl\/it\/policies\/privacy\/\">https:\/\/www.google.com\/intl\/it\/policies\/privacy\/<\/a><\/li>\n<li>indicazioni gestire o disabilitare i cookie:\u00a0<a href=\"https:\/\/www.google.com\/settings\/ads\/plugin\">https:\/\/www.google.com\/settings\/ads\/plugin<\/a><\/li>\n<\/ul>\n<\/div>\n<\/div>\n<h5 class=\"vc_custom_heading\">Cookie di profilazione<\/h5>\n<div class=\"wpb_text_column wpb_content_element \">\n<div class=\"wpb_wrapper\">\n<p>Possono essere installati da parte del Titolare, mediante software di c.d. web analytics, cookie di profilazione, i quali sono utilizzati per predisporre report di analisi dettagliati e in tempo reale relativi ad informazioni su: visitatori di un sito web, motori di ricerca di provenienza, parole chiave utilizzate, lingua di utilizzo, pagine pi\u00f9 visitate.<\/p>\n<p>Gli stessi possono raccogliere informazioni e dati quali indirizzo IP, nazionalit\u00e0, citt\u00e0, data\/orario, dispositivo, browser, sistema operativo, risoluzione dello schermo, provenienza di navigazione, pagine visitate e numero di pagine, durata della visita, numero di visite effettuate.<\/p>\n<\/div>\n<\/div>\n<\/div>\n<\/div>\n<\/div>\n<\/div>\n<p>&nbsp;<\/p>\n","protected":false},"excerpt":{"rendered":"<p>Informativa ai sensi dell&#8217;art. 13 del Regolamento UE 2016\/679 per il trattamento dei dati personali Per effetto della consultazione e dell\u2019utilizzo di questo sito possono essere acquisite e trattate informazioni e dati personali relativi a persone identificate o identificabili. Il trattamento delle informazioni e dei dati dei quali lo Studio entrer\u00e0 in possono sar\u00e0 effettuato [&hellip;]<\/p>\n","protected":false},"author":1,"featured_media":0,"parent":0,"menu_order":0,"comment_status":"closed","ping_status":"open","template":"page-full-width.php","meta":{"_exactmetrics_skip_tracking":false,"_exactmetrics_sitenote_active":false,"_exactmetrics_sitenote_note":"","_exactmetrics_sitenote_category":0,"footnotes":""},"yoast_head":"<!-- This site is optimized with the Yoast SEO plugin v23.5 - https:\/\/yoast.com\/wordpress\/plugins\/seo\/ -->\n<title>Privacy Policy &#8211; Studio Legale Catone<\/title>\n<meta name=\"robots\" content=\"noindex, nofollow\" \/>\n<meta property=\"og:locale\" content=\"it_IT\" \/>\n<meta property=\"og:type\" content=\"article\" \/>\n<meta property=\"og:title\" content=\"Privacy Policy &#8211; Studio Legale Catone\" \/>\n<meta property=\"og:description\" content=\"Informativa ai sensi dell&#8217;art. 13 del Regolamento UE 2016\/679 per il trattamento dei dati personali Per effetto della consultazione e dell\u2019utilizzo di questo sito possono essere acquisite e trattate informazioni e dati personali relativi a persone identificate o identificabili. Il trattamento delle informazioni e dei dati dei quali lo Studio entrer\u00e0 in possono sar\u00e0 effettuato [&hellip;]\" \/>\n<meta property=\"og:url\" content=\"https:\/\/studiolegalecatone.it\/index.php\/privacy-policy\/\" \/>\n<meta property=\"og:site_name\" content=\"Studio Legale Catone\" \/>\n<meta property=\"article:modified_time\" content=\"2021-02-25T00:14:19+00:00\" \/>\n<meta name=\"twitter:card\" content=\"summary_large_image\" \/>\n<meta name=\"twitter:label1\" content=\"Tempo di lettura stimato\" \/>\n\t<meta name=\"twitter:data1\" content=\"8 minuti\" \/>\n<script type=\"application\/ld+json\" class=\"yoast-schema-graph\">{\"@context\":\"https:\/\/schema.org\",\"@graph\":[{\"@type\":\"WebPage\",\"@id\":\"https:\/\/studiolegalecatone.it\/index.php\/privacy-policy\/\",\"url\":\"https:\/\/studiolegalecatone.it\/index.php\/privacy-policy\/\",\"name\":\"Privacy Policy &#8211; Studio Legale Catone\",\"isPartOf\":{\"@id\":\"https:\/\/studiolegalecatone.it\/#website\"},\"datePublished\":\"2021-01-13T10:02:24+00:00\",\"dateModified\":\"2021-02-25T00:14:19+00:00\",\"breadcrumb\":{\"@id\":\"https:\/\/studiolegalecatone.it\/index.php\/privacy-policy\/#breadcrumb\"},\"inLanguage\":\"it-IT\",\"potentialAction\":[{\"@type\":\"ReadAction\",\"target\":[\"https:\/\/studiolegalecatone.it\/index.php\/privacy-policy\/\"]}]},{\"@type\":\"BreadcrumbList\",\"@id\":\"https:\/\/studiolegalecatone.it\/index.php\/privacy-policy\/#breadcrumb\",\"itemListElement\":[{\"@type\":\"ListItem\",\"position\":1,\"name\":\"Home\",\"item\":\"https:\/\/studiolegalecatone.it\/\"},{\"@type\":\"ListItem\",\"position\":2,\"name\":\"Privacy Policy\"}]},{\"@type\":\"WebSite\",\"@id\":\"https:\/\/studiolegalecatone.it\/#website\",\"url\":\"https:\/\/studiolegalecatone.it\/\",\"name\":\"Studio Legale Catone\",\"description\":\"\",\"publisher\":{\"@id\":\"https:\/\/studiolegalecatone.it\/#organization\"},\"potentialAction\":[{\"@type\":\"SearchAction\",\"target\":{\"@type\":\"EntryPoint\",\"urlTemplate\":\"https:\/\/studiolegalecatone.it\/?s={search_term_string}\"},\"query-input\":{\"@type\":\"PropertyValueSpecification\",\"valueRequired\":true,\"valueName\":\"search_term_string\"}}],\"inLanguage\":\"it-IT\"},{\"@type\":\"Organization\",\"@id\":\"https:\/\/studiolegalecatone.it\/#organization\",\"name\":\"Studio Legale Catone\",\"url\":\"https:\/\/studiolegalecatone.it\/\",\"logo\":{\"@type\":\"ImageObject\",\"inLanguage\":\"it-IT\",\"@id\":\"https:\/\/studiolegalecatone.it\/#\/schema\/logo\/image\/\",\"url\":\"https:\/\/studiolegalecatone.it\/wp-content\/uploads\/2021\/01\/studio-legale-catone-logo-base-2.png\",\"contentUrl\":\"https:\/\/studiolegalecatone.it\/wp-content\/uploads\/2021\/01\/studio-legale-catone-logo-base-2.png\",\"width\":1000,\"height\":492,\"caption\":\"Studio Legale Catone\"},\"image\":{\"@id\":\"https:\/\/studiolegalecatone.it\/#\/schema\/logo\/image\/\"}}]}<\/script>\n<!-- \/ Yoast SEO plugin. -->","yoast_head_json":{"title":"Privacy Policy &#8211; Studio Legale Catone","robots":{"index":"noindex","follow":"nofollow"},"og_locale":"it_IT","og_type":"article","og_title":"Privacy Policy &#8211; Studio Legale Catone","og_description":"Informativa ai sensi dell&#8217;art. 13 del Regolamento UE 2016\/679 per il trattamento dei dati personali Per effetto della consultazione e dell\u2019utilizzo di questo sito possono essere acquisite e trattate informazioni e dati personali relativi a persone identificate o identificabili. Il trattamento delle informazioni e dei dati dei quali lo Studio entrer\u00e0 in possono sar\u00e0 effettuato [&hellip;]","og_url":"https:\/\/studiolegalecatone.it\/index.php\/privacy-policy\/","og_site_name":"Studio Legale Catone","article_modified_time":"2021-02-25T00:14:19+00:00","twitter_card":"summary_large_image","twitter_misc":{"Tempo di lettura stimato":"8 minuti"},"schema":{"@context":"https:\/\/schema.org","@graph":[{"@type":"WebPage","@id":"https:\/\/studiolegalecatone.it\/index.php\/privacy-policy\/","url":"https:\/\/studiolegalecatone.it\/index.php\/privacy-policy\/","name":"Privacy Policy &#8211; Studio Legale Catone","isPartOf":{"@id":"https:\/\/studiolegalecatone.it\/#website"},"datePublished":"2021-01-13T10:02:24+00:00","dateModified":"2021-02-25T00:14:19+00:00","breadcrumb":{"@id":"https:\/\/studiolegalecatone.it\/index.php\/privacy-policy\/#breadcrumb"},"inLanguage":"it-IT","potentialAction":[{"@type":"ReadAction","target":["https:\/\/studiolegalecatone.it\/index.php\/privacy-policy\/"]}]},{"@type":"BreadcrumbList","@id":"https:\/\/studiolegalecatone.it\/index.php\/privacy-policy\/#breadcrumb","itemListElement":[{"@type":"ListItem","position":1,"name":"Home","item":"https:\/\/studiolegalecatone.it\/"},{"@type":"ListItem","position":2,"name":"Privacy Policy"}]},{"@type":"WebSite","@id":"https:\/\/studiolegalecatone.it\/#website","url":"https:\/\/studiolegalecatone.it\/","name":"Studio Legale Catone","description":"","publisher":{"@id":"https:\/\/studiolegalecatone.it\/#organization"},"potentialAction":[{"@type":"SearchAction","target":{"@type":"EntryPoint","urlTemplate":"https:\/\/studiolegalecatone.it\/?s={search_term_string}"},"query-input":{"@type":"PropertyValueSpecification","valueRequired":true,"valueName":"search_term_string"}}],"inLanguage":"it-IT"},{"@type":"Organization","@id":"https:\/\/studiolegalecatone.it\/#organization","name":"Studio Legale Catone","url":"https:\/\/studiolegalecatone.it\/","logo":{"@type":"ImageObject","inLanguage":"it-IT","@id":"https:\/\/studiolegalecatone.it\/#\/schema\/logo\/image\/","url":"https:\/\/studiolegalecatone.it\/wp-content\/uploads\/2021\/01\/studio-legale-catone-logo-base-2.png","contentUrl":"https:\/\/studiolegalecatone.it\/wp-content\/uploads\/2021\/01\/studio-legale-catone-logo-base-2.png","width":1000,"height":492,"caption":"Studio Legale Catone"},"image":{"@id":"https:\/\/studiolegalecatone.it\/#\/schema\/logo\/image\/"}}]}},"_links":{"self":[{"href":"https:\/\/studiolegalecatone.it\/index.php\/wp-json\/wp\/v2\/pages\/3"}],"collection":[{"href":"https:\/\/studiolegalecatone.it\/index.php\/wp-json\/wp\/v2\/pages"}],"about":[{"href":"https:\/\/studiolegalecatone.it\/index.php\/wp-json\/wp\/v2\/types\/page"}],"author":[{"embeddable":true,"href":"https:\/\/studiolegalecatone.it\/index.php\/wp-json\/wp\/v2\/users\/1"}],"replies":[{"embeddable":true,"href":"https:\/\/studiolegalecatone.it\/index.php\/wp-json\/wp\/v2\/comments?post=3"}],"version-history":[{"count":6,"href":"https:\/\/studiolegalecatone.it\/index.php\/wp-json\/wp\/v2\/pages\/3\/revisions"}],"predecessor-version":[{"id":1417,"href":"https:\/\/studiolegalecatone.it\/index.php\/wp-json\/wp\/v2\/pages\/3\/revisions\/1417"}],"wp:attachment":[{"href":"https:\/\/studiolegalecatone.it\/index.php\/wp-json\/wp\/v2\/media?parent=3"}],"curies":[{"name":"wp","href":"https:\/\/api.w.org\/{rel}","templated":true}]}}